{"id":1565,"date":"2021-07-09T14:25:16","date_gmt":"2021-07-09T12:25:16","guid":{"rendered":"https:\/\/www.selarl-dentaire-ponthieu-chirurgiens-dentistes.fr\/news\/"},"modified":"2025-03-12T11:34:29","modified_gmt":"2025-03-12T10:34:29","slug":"news","status":"publish","type":"page","link":"https:\/\/www.selarl-dentaire-ponthieu-chirurgiens-dentistes.fr\/en\/news\/","title":{"rendered":"News"},"content":{"rendered":"\n\n\t<h1>\n\t\t\t\tActualit\u00e9s\n\t\t\t<\/h1>\n\t\t\t\t\t\t<h3>\n\t\t\t\t<a href=https:\/\/www.selarl-dentaire-ponthieu-chirurgiens-dentistes.fr\/cabinet-dentaire\/lancement-nouvelle-identite-visuelle-site-internet\/ title=\"Lancement d'une nouvelle identit\u00e9 visuelle et d'un site internet\" tabindex=\"0\">Lancement d&#8217;une nouvelle identit\u00e9 visuelle et d&#8217;un site internet<\/a>\t\t\t<\/h3>\n\t\t\t\t\t\t\t\tAvec 10 ans d&#8217;existence, la clinique dentaire Elys\u00e9es Ponthieu d\u00e9ploie une nouvelle identit\u00e9 visuelle pour accompagner sa mission de clinique dentaire haut de gamme. Ce lancement correspond \u00e0 une \u00e9tape primordiale du d\u00e9veloppement de la clinique. C&#8217;est ce que souligne le docteur Fr\u00e9d\u00e9ric Suissa, son fondateur\u00a0: \u00ab\u00a0Nous souhaitions \u00eatre en phase avec les attentes de &hellip;\n\t\t\t\t\t<a href=\"https:\/\/www.selarl-dentaire-ponthieu-chirurgiens-dentistes.fr\/non-categorise\/lancement-nouvelle-identite-visuelle-site-internet\/\" target=\"_self\" rel=\"noopener\">Read More &#8594;<\/a>\t\t\n\t\t<h2>Pour plus d&#8217;informations<\/h2>\n\t\t\t<a href=\"https:\/\/www.selarl-dentaire-ponthieu-chirurgiens-dentistes.fr\/en\/contact\/\" target=\"_self\" role=\"button\" aria-label=\"Contactez-nous\" rel=\"noopener\">\n\t\t\t\t\t\t\tContactez-nous\n\t\t<\/a>\n\n","protected":false},"excerpt":{"rendered":"<p>Actualit\u00e9s Lancement d&#8217;une nouvelle identit\u00e9 visuelle et d&#8217;un site internet Avec 10 ans d&#8217;existence, la clinique dentaire Elys\u00e9es Ponthieu d\u00e9ploie une nouvelle identit\u00e9 visuelle pour accompagner sa mission de clinique dentaire haut de gamme. Ce lancement correspond \u00e0 une \u00e9tape primordiale du d\u00e9veloppement de la clinique. C&#8217;est ce que souligne le docteur Fr\u00e9d\u00e9ric Suissa, son [&hellip;]<\/p>\n","protected":false},"author":2,"featured_media":0,"parent":0,"menu_order":0,"comment_status":"closed","ping_status":"closed","template":"","meta":{"site-sidebar-layout":"no-sidebar","site-content-layout":"page-builder","ast-site-content-layout":"default","site-content-style":"default","site-sidebar-style":"default","ast-global-header-display":"","ast-banner-title-visibility":"","ast-main-header-display":"","ast-hfb-above-header-display":"","ast-hfb-below-header-display":"","ast-hfb-mobile-header-display":"","site-post-title":"disabled","ast-breadcrumbs-content":"","ast-featured-img":"disabled","footer-sml-layout":"","ast-disable-related-posts":"","theme-transparent-header-meta":"default","adv-header-id-meta":"","stick-header-meta":"default","header-above-stick-meta":"","header-main-stick-meta":"","header-below-stick-meta":"","astra-migrate-meta-layouts":"default","ast-page-background-enabled":"default","ast-page-background-meta":{"desktop":{"background-color":"","background-image":"","background-repeat":"repeat","background-position":"center center","background-size":"auto","background-attachment":"scroll","background-type":"","background-media":"","overlay-type":"","overlay-color":"","overlay-opacity":"","overlay-gradient":""},"tablet":{"background-color":"","background-image":"","background-repeat":"repeat","background-position":"center center","background-size":"auto","background-attachment":"scroll","background-type":"","background-media":"","overlay-type":"","overlay-color":"","overlay-opacity":"","overlay-gradient":""},"mobile":{"background-color":"","background-image":"","background-repeat":"repeat","background-position":"center center","background-size":"auto","background-attachment":"scroll","background-type":"","background-media":"","overlay-type":"","overlay-color":"","overlay-opacity":"","overlay-gradient":""}},"ast-content-background-meta":{"desktop":{"background-color":"var(--ast-global-color-5)","background-image":"","background-repeat":"repeat","background-position":"center center","background-size":"auto","background-attachment":"scroll","background-type":"","background-media":"","overlay-type":"","overlay-color":"","overlay-opacity":"","overlay-gradient":""},"tablet":{"background-color":"var(--ast-global-color-5)","background-image":"","background-repeat":"repeat","background-position":"center center","background-size":"auto","background-attachment":"scroll","background-type":"","background-media":"","overlay-type":"","overlay-color":"","overlay-opacity":"","overlay-gradient":""},"mobile":{"background-color":"var(--ast-global-color-5)","background-image":"","background-repeat":"repeat","background-position":"center center","background-size":"auto","background-attachment":"scroll","background-type":"","background-media":"","overlay-type":"","overlay-color":"","overlay-opacity":"","overlay-gradient":""}},"footnotes":""},"class_list":["post-1565","page","type-page","status-publish","hentry"],"yoast_head":"<!-- This site is optimized with the Yoast SEO plugin v27.3 - https:\/\/yoast.com\/product\/yoast-seo-wordpress\/ -->\n<title>News - Elys\u00e9es Ponthieu dental clinic, Paris 75008<\/title>\n<meta name=\"description\" content=\"News - Clinique dentaire Elys\u00e9es Ponthieu \u00e0 Paris 75008 - Dental implantology clinic in Paris 8 - Dentist Paris 8\" \/>\n<meta name=\"robots\" content=\"index, follow, max-snippet:-1, max-image-preview:large, max-video-preview:-1\" \/>\n<link rel=\"canonical\" href=\"https:\/\/www.selarl-dentaire-ponthieu-chirurgiens-dentistes.fr\/en\/news\/\" \/>\n<meta property=\"og:locale\" content=\"en_US\" \/>\n<meta property=\"og:type\" content=\"article\" \/>\n<meta property=\"og:title\" content=\"News - Elys\u00e9es Ponthieu dental clinic, Paris 75008\" \/>\n<meta property=\"og:description\" content=\"News - Clinique dentaire Elys\u00e9es Ponthieu \u00e0 Paris 75008 - Dental implantology clinic in Paris 8 - Dentist Paris 8\" \/>\n<meta property=\"og:url\" content=\"https:\/\/www.selarl-dentaire-ponthieu-chirurgiens-dentistes.fr\/en\/news\/\" \/>\n<meta property=\"og:site_name\" content=\"Clinique Dentaire Elys\u00e9es Ponthieu\" \/>\n<meta property=\"article:modified_time\" content=\"2025-03-12T10:34:29+00:00\" \/>\n<meta name=\"twitter:card\" content=\"summary_large_image\" \/>\n<script type=\"application\/ld+json\" class=\"yoast-schema-graph\">{\"@context\":\"https:\\\/\\\/schema.org\",\"@graph\":[{\"@type\":\"WebPage\",\"@id\":\"https:\\\/\\\/www.selarl-dentaire-ponthieu-chirurgiens-dentistes.fr\\\/en\\\/news\\\/\",\"url\":\"https:\\\/\\\/www.selarl-dentaire-ponthieu-chirurgiens-dentistes.fr\\\/en\\\/news\\\/\",\"name\":\"News - Elys\u00e9es Ponthieu dental clinic, Paris 75008\",\"isPartOf\":{\"@id\":\"https:\\\/\\\/www.selarl-dentaire-ponthieu-chirurgiens-dentistes.fr\\\/en\\\/#website\"},\"datePublished\":\"2021-07-09T12:25:16+00:00\",\"dateModified\":\"2025-03-12T10:34:29+00:00\",\"description\":\"News - Clinique dentaire Elys\u00e9es Ponthieu \u00e0 Paris 75008 - Dental implantology clinic in Paris 8 - Dentist Paris 8\",\"breadcrumb\":{\"@id\":\"https:\\\/\\\/www.selarl-dentaire-ponthieu-chirurgiens-dentistes.fr\\\/en\\\/news\\\/#breadcrumb\"},\"inLanguage\":\"en-US\",\"potentialAction\":[{\"@type\":\"ReadAction\",\"target\":[\"https:\\\/\\\/www.selarl-dentaire-ponthieu-chirurgiens-dentistes.fr\\\/en\\\/news\\\/\"]}]},{\"@type\":\"BreadcrumbList\",\"@id\":\"https:\\\/\\\/www.selarl-dentaire-ponthieu-chirurgiens-dentistes.fr\\\/en\\\/news\\\/#breadcrumb\",\"itemListElement\":[{\"@type\":\"ListItem\",\"position\":1,\"name\":\"Accueil\",\"item\":\"https:\\\/\\\/www.selarl-dentaire-ponthieu-chirurgiens-dentistes.fr\\\/en\\\/\"},{\"@type\":\"ListItem\",\"position\":2,\"name\":\"News\"}]},{\"@type\":\"WebSite\",\"@id\":\"https:\\\/\\\/www.selarl-dentaire-ponthieu-chirurgiens-dentistes.fr\\\/en\\\/#website\",\"url\":\"https:\\\/\\\/www.selarl-dentaire-ponthieu-chirurgiens-dentistes.fr\\\/en\\\/\",\"name\":\"Clinique Dentaire Elys\u00e9es Ponthieu\",\"description\":\"\",\"publisher\":{\"@id\":\"https:\\\/\\\/www.selarl-dentaire-ponthieu-chirurgiens-dentistes.fr\\\/en\\\/#organization\"},\"potentialAction\":[{\"@type\":\"SearchAction\",\"target\":{\"@type\":\"EntryPoint\",\"urlTemplate\":\"https:\\\/\\\/www.selarl-dentaire-ponthieu-chirurgiens-dentistes.fr\\\/en\\\/?s={search_term_string}\"},\"query-input\":{\"@type\":\"PropertyValueSpecification\",\"valueRequired\":true,\"valueName\":\"search_term_string\"}}],\"inLanguage\":\"en-US\"},{\"@type\":\"Organization\",\"@id\":\"https:\\\/\\\/www.selarl-dentaire-ponthieu-chirurgiens-dentistes.fr\\\/en\\\/#organization\",\"name\":\"Clinique Dentaire Elys\u00e9es Ponthieu\",\"url\":\"https:\\\/\\\/www.selarl-dentaire-ponthieu-chirurgiens-dentistes.fr\\\/en\\\/\",\"logo\":{\"@type\":\"ImageObject\",\"inLanguage\":\"en-US\",\"@id\":\"https:\\\/\\\/www.selarl-dentaire-ponthieu-chirurgiens-dentistes.fr\\\/en\\\/#\\\/schema\\\/logo\\\/image\\\/\",\"url\":\"https:\\\/\\\/www.selarl-dentaire-ponthieu-chirurgiens-dentistes.fr\\\/wp-content\\\/uploads\\\/cropped-logo-clinique-dentaire-ponthieu.png\",\"contentUrl\":\"https:\\\/\\\/www.selarl-dentaire-ponthieu-chirurgiens-dentistes.fr\\\/wp-content\\\/uploads\\\/cropped-logo-clinique-dentaire-ponthieu.png\",\"width\":500,\"height\":109,\"caption\":\"Clinique Dentaire Elys\u00e9es Ponthieu\"},\"image\":{\"@id\":\"https:\\\/\\\/www.selarl-dentaire-ponthieu-chirurgiens-dentistes.fr\\\/en\\\/#\\\/schema\\\/logo\\\/image\\\/\"}}]}<\/script>\n<!-- \/ Yoast SEO plugin. -->","yoast_head_json":{"title":"News - Elys\u00e9es Ponthieu dental clinic, Paris 75008","description":"News - Clinique dentaire Elys\u00e9es Ponthieu \u00e0 Paris 75008 - Dental implantology clinic in Paris 8 - Dentist Paris 8","robots":{"index":"index","follow":"follow","max-snippet":"max-snippet:-1","max-image-preview":"max-image-preview:large","max-video-preview":"max-video-preview:-1"},"canonical":"https:\/\/www.selarl-dentaire-ponthieu-chirurgiens-dentistes.fr\/en\/news\/","og_locale":"en_US","og_type":"article","og_title":"News - Elys\u00e9es Ponthieu dental clinic, Paris 75008","og_description":"News - Clinique dentaire Elys\u00e9es Ponthieu \u00e0 Paris 75008 - Dental implantology clinic in Paris 8 - Dentist Paris 8","og_url":"https:\/\/www.selarl-dentaire-ponthieu-chirurgiens-dentistes.fr\/en\/news\/","og_site_name":"Clinique Dentaire Elys\u00e9es Ponthieu","article_modified_time":"2025-03-12T10:34:29+00:00","twitter_card":"summary_large_image","schema":{"@context":"https:\/\/schema.org","@graph":[{"@type":"WebPage","@id":"https:\/\/www.selarl-dentaire-ponthieu-chirurgiens-dentistes.fr\/en\/news\/","url":"https:\/\/www.selarl-dentaire-ponthieu-chirurgiens-dentistes.fr\/en\/news\/","name":"News - Elys\u00e9es Ponthieu dental clinic, Paris 75008","isPartOf":{"@id":"https:\/\/www.selarl-dentaire-ponthieu-chirurgiens-dentistes.fr\/en\/#website"},"datePublished":"2021-07-09T12:25:16+00:00","dateModified":"2025-03-12T10:34:29+00:00","description":"News - Clinique dentaire Elys\u00e9es Ponthieu \u00e0 Paris 75008 - Dental implantology clinic in Paris 8 - Dentist Paris 8","breadcrumb":{"@id":"https:\/\/www.selarl-dentaire-ponthieu-chirurgiens-dentistes.fr\/en\/news\/#breadcrumb"},"inLanguage":"en-US","potentialAction":[{"@type":"ReadAction","target":["https:\/\/www.selarl-dentaire-ponthieu-chirurgiens-dentistes.fr\/en\/news\/"]}]},{"@type":"BreadcrumbList","@id":"https:\/\/www.selarl-dentaire-ponthieu-chirurgiens-dentistes.fr\/en\/news\/#breadcrumb","itemListElement":[{"@type":"ListItem","position":1,"name":"Accueil","item":"https:\/\/www.selarl-dentaire-ponthieu-chirurgiens-dentistes.fr\/en\/"},{"@type":"ListItem","position":2,"name":"News"}]},{"@type":"WebSite","@id":"https:\/\/www.selarl-dentaire-ponthieu-chirurgiens-dentistes.fr\/en\/#website","url":"https:\/\/www.selarl-dentaire-ponthieu-chirurgiens-dentistes.fr\/en\/","name":"Clinique Dentaire Elys\u00e9es Ponthieu","description":"","publisher":{"@id":"https:\/\/www.selarl-dentaire-ponthieu-chirurgiens-dentistes.fr\/en\/#organization"},"potentialAction":[{"@type":"SearchAction","target":{"@type":"EntryPoint","urlTemplate":"https:\/\/www.selarl-dentaire-ponthieu-chirurgiens-dentistes.fr\/en\/?s={search_term_string}"},"query-input":{"@type":"PropertyValueSpecification","valueRequired":true,"valueName":"search_term_string"}}],"inLanguage":"en-US"},{"@type":"Organization","@id":"https:\/\/www.selarl-dentaire-ponthieu-chirurgiens-dentistes.fr\/en\/#organization","name":"Clinique Dentaire Elys\u00e9es Ponthieu","url":"https:\/\/www.selarl-dentaire-ponthieu-chirurgiens-dentistes.fr\/en\/","logo":{"@type":"ImageObject","inLanguage":"en-US","@id":"https:\/\/www.selarl-dentaire-ponthieu-chirurgiens-dentistes.fr\/en\/#\/schema\/logo\/image\/","url":"https:\/\/www.selarl-dentaire-ponthieu-chirurgiens-dentistes.fr\/wp-content\/uploads\/cropped-logo-clinique-dentaire-ponthieu.png","contentUrl":"https:\/\/www.selarl-dentaire-ponthieu-chirurgiens-dentistes.fr\/wp-content\/uploads\/cropped-logo-clinique-dentaire-ponthieu.png","width":500,"height":109,"caption":"Clinique Dentaire Elys\u00e9es Ponthieu"},"image":{"@id":"https:\/\/www.selarl-dentaire-ponthieu-chirurgiens-dentistes.fr\/en\/#\/schema\/logo\/image\/"}}]}},"_links":{"self":[{"href":"https:\/\/www.selarl-dentaire-ponthieu-chirurgiens-dentistes.fr\/en\/wp-json\/wp\/v2\/pages\/1565","targetHints":{"allow":["GET"]}}],"collection":[{"href":"https:\/\/www.selarl-dentaire-ponthieu-chirurgiens-dentistes.fr\/en\/wp-json\/wp\/v2\/pages"}],"about":[{"href":"https:\/\/www.selarl-dentaire-ponthieu-chirurgiens-dentistes.fr\/en\/wp-json\/wp\/v2\/types\/page"}],"author":[{"embeddable":true,"href":"https:\/\/www.selarl-dentaire-ponthieu-chirurgiens-dentistes.fr\/en\/wp-json\/wp\/v2\/users\/2"}],"replies":[{"embeddable":true,"href":"https:\/\/www.selarl-dentaire-ponthieu-chirurgiens-dentistes.fr\/en\/wp-json\/wp\/v2\/comments?post=1565"}],"version-history":[{"count":2,"href":"https:\/\/www.selarl-dentaire-ponthieu-chirurgiens-dentistes.fr\/en\/wp-json\/wp\/v2\/pages\/1565\/revisions"}],"predecessor-version":[{"id":1606,"href":"https:\/\/www.selarl-dentaire-ponthieu-chirurgiens-dentistes.fr\/en\/wp-json\/wp\/v2\/pages\/1565\/revisions\/1606"}],"wp:attachment":[{"href":"https:\/\/www.selarl-dentaire-ponthieu-chirurgiens-dentistes.fr\/en\/wp-json\/wp\/v2\/media?parent=1565"}],"curies":[{"name":"wp","href":"https:\/\/api.w.org\/{rel}","templated":true}]}}