{"id":1572,"date":"2021-07-08T16:34:21","date_gmt":"2021-07-08T14:34:21","guid":{"rendered":"https:\/\/www.selarl-dentaire-ponthieu-chirurgiens-dentistes.fr\/implantology\/dr-frederic-suissa\/"},"modified":"2025-03-12T13:54:31","modified_gmt":"2025-03-12T12:54:31","slug":"dr-frederic-suissa","status":"publish","type":"page","link":"https:\/\/www.selarl-dentaire-ponthieu-chirurgiens-dentistes.fr\/en\/implantology\/dr-frederic-suissa\/","title":{"rendered":"Dr Fr\u00e9d\u00e9ric Suissa"},"content":{"rendered":"\n\n\t<h1>\n\t\t\t\tDr Fr\u00e9d\u00e9ric Suissa\n\t\t\t<\/h1>\n\t\t\t\t<img decoding=\"async\" src=\"https:\/\/www.selarl-dentaire-ponthieu-chirurgiens-dentistes.fr\/wp-content\/uploads\/dr-suissa-chirurgie.jpg\" alt=\"Dr Suissa - Clinique Dentaire Elys\u00e9es Ponthieu - Dentiste Paris 8\" title=\"\" itemprop=\"image\"  \/>\n\t\t\t<h5>Dr Fr\u00e9d\u00e9ric Suissa<\/h5><h2>Dental surgeon in oral implantology<\/h2>\n\t\t\t\t<p>Dr Fr\u00e9d\u00e9ric Suissa is a graduate of the Paris VII Faculty of Dental Surgery. He also holds a university diploma in maxillofacial rehabilitation and a diploma in odontostomatological anatomy. He also obtained a post-graduate diploma in implantology and periodontology from the University of Pennsylvania.  <\/p>\n<p>With over 20 years&#8217; experience, Dr Fr\u00e9d\u00e9ric Suissa specialises in oral implantology and smile aesthetics.<\/p>\n\tHis initial training and daily practice, combined with his knowledge of the latest technological advances, enable him to offer a wide range of treatments, from simple implant placement to the most complex rehabilitation.<br \/>\nHis years of experience and hindsight enable him to develop advanced prosthetic treatments and implement effective and safe operating protocols for his patients.\nWith his team of qualified assistants, he knows how to give each patient the time they need to ensure comprehensive, personalised care.<br \/>\nHis patients, who are often demanding, expect modern solutions that are both functional and aesthetic. Dr Fr\u00e9d\u00e9ric Suissa&#8217;s approach is therefore founded on quality, within a relationship based on trust and the long term.\n\t\t\t\t<img decoding=\"async\" src=\"https:\/\/www.selarl-dentaire-ponthieu-chirurgiens-dentistes.fr\/wp-content\/uploads\/dr-suissa-intervention.jpg\" alt=\"Dr Suissa - Clinique Dentaire Elys\u00e9es Ponthieu - Dentiste Paris 8\" title=\"\" itemprop=\"image\"  \/>\n\t\t<h2>For further information<\/h2>\n\t\t\t<a href=\"https:\/\/www.selarl-dentaire-ponthieu-chirurgiens-dentistes.fr\/en\/contact\/\" title=\"Click Here\" target=\"_self\"   role=\"button\" aria-label=\"Contact us\">\n\t\t\t\t\t\t\tContact us\n\t\t<\/a>\n\n","protected":false},"excerpt":{"rendered":"<p>Dr Fr\u00e9d\u00e9ric Suissa Dr Fr\u00e9d\u00e9ric Suissa Dental surgeon in oral implantology Dr Fr\u00e9d\u00e9ric Suissa is a graduate of the Paris VII Faculty of Dental Surgery. He also holds a university diploma in maxillofacial rehabilitation and a diploma in odontostomatological anatomy. He also obtained a post-graduate diploma in implantology and periodontology from the University of Pennsylvania. [&hellip;]<\/p>\n","protected":false},"author":2,"featured_media":0,"parent":1683,"menu_order":0,"comment_status":"closed","ping_status":"closed","template":"","meta":{"site-sidebar-layout":"no-sidebar","site-content-layout":"page-builder","ast-site-content-layout":"default","site-content-style":"default","site-sidebar-style":"default","ast-global-header-display":"","ast-banner-title-visibility":"","ast-main-header-display":"","ast-hfb-above-header-display":"","ast-hfb-below-header-display":"","ast-hfb-mobile-header-display":"","site-post-title":"disabled","ast-breadcrumbs-content":"","ast-featured-img":"disabled","footer-sml-layout":"","ast-disable-related-posts":"","theme-transparent-header-meta":"default","adv-header-id-meta":"","stick-header-meta":"default","header-above-stick-meta":"","header-main-stick-meta":"","header-below-stick-meta":"","astra-migrate-meta-layouts":"default","ast-page-background-enabled":"default","ast-page-background-meta":{"desktop":{"background-color":"","background-image":"","background-repeat":"repeat","background-position":"center center","background-size":"auto","background-attachment":"scroll","background-type":"","background-media":"","overlay-type":"","overlay-color":"","overlay-opacity":"","overlay-gradient":""},"tablet":{"background-color":"","background-image":"","background-repeat":"repeat","background-position":"center center","background-size":"auto","background-attachment":"scroll","background-type":"","background-media":"","overlay-type":"","overlay-color":"","overlay-opacity":"","overlay-gradient":""},"mobile":{"background-color":"","background-image":"","background-repeat":"repeat","background-position":"center center","background-size":"auto","background-attachment":"scroll","background-type":"","background-media":"","overlay-type":"","overlay-color":"","overlay-opacity":"","overlay-gradient":""}},"ast-content-background-meta":{"desktop":{"background-color":"var(--ast-global-color-5)","background-image":"","background-repeat":"repeat","background-position":"center center","background-size":"auto","background-attachment":"scroll","background-type":"","background-media":"","overlay-type":"","overlay-color":"","overlay-opacity":"","overlay-gradient":""},"tablet":{"background-color":"var(--ast-global-color-5)","background-image":"","background-repeat":"repeat","background-position":"center center","background-size":"auto","background-attachment":"scroll","background-type":"","background-media":"","overlay-type":"","overlay-color":"","overlay-opacity":"","overlay-gradient":""},"mobile":{"background-color":"var(--ast-global-color-5)","background-image":"","background-repeat":"repeat","background-position":"center center","background-size":"auto","background-attachment":"scroll","background-type":"","background-media":"","overlay-type":"","overlay-color":"","overlay-opacity":"","overlay-gradient":""}},"footnotes":""},"class_list":["post-1572","page","type-page","status-publish","hentry"],"yoast_head":"<!-- This site is optimized with the Yoast SEO plugin v27.3 - https:\/\/yoast.com\/product\/yoast-seo-wordpress\/ -->\n<title>Dr Fr\u00e9d\u00e9ric Suissa - Paris dentist at the Dental Clinic in Paris<\/title>\n<meta name=\"description\" content=\"Dr Fr\u00e9d\u00e9ric Suissa Dental surgeon specialising in oral implantology in full surgical practice..Clinique dentaire Elys\u00e9es Ponthieu, Dentist Paris 8\" \/>\n<meta name=\"robots\" content=\"index, follow, max-snippet:-1, max-image-preview:large, max-video-preview:-1\" \/>\n<link rel=\"canonical\" href=\"https:\/\/www.selarl-dentaire-ponthieu-chirurgiens-dentistes.fr\/en\/implantology\/dr-frederic-suissa\/\" \/>\n<meta property=\"og:locale\" content=\"en_US\" \/>\n<meta property=\"og:type\" content=\"article\" \/>\n<meta property=\"og:title\" content=\"Dr Fr\u00e9d\u00e9ric Suissa - Paris dentist at the Dental Clinic in Paris\" \/>\n<meta property=\"og:description\" content=\"Dr Fr\u00e9d\u00e9ric Suissa Dental surgeon specialising in oral implantology in full surgical practice..Clinique dentaire Elys\u00e9es Ponthieu, Dentist Paris 8\" \/>\n<meta property=\"og:url\" content=\"https:\/\/www.selarl-dentaire-ponthieu-chirurgiens-dentistes.fr\/en\/implantology\/dr-frederic-suissa\/\" \/>\n<meta property=\"og:site_name\" content=\"Clinique Dentaire Elys\u00e9es Ponthieu\" \/>\n<meta property=\"article:modified_time\" content=\"2025-03-12T12:54:31+00:00\" \/>\n<meta property=\"og:image\" content=\"https:\/\/www.selarl-dentaire-ponthieu-chirurgiens-dentistes.fr\/wp-content\/uploads\/dr-suissa-chirurgie.jpg\" \/>\n<meta name=\"twitter:card\" content=\"summary_large_image\" \/>\n<meta name=\"twitter:label1\" content=\"Est. reading time\" \/>\n\t<meta name=\"twitter:data1\" content=\"1 minute\" \/>\n<script type=\"application\/ld+json\" class=\"yoast-schema-graph\">{\"@context\":\"https:\\\/\\\/schema.org\",\"@graph\":[{\"@type\":\"WebPage\",\"@id\":\"https:\\\/\\\/www.selarl-dentaire-ponthieu-chirurgiens-dentistes.fr\\\/en\\\/implantology\\\/dr-frederic-suissa\\\/\",\"url\":\"https:\\\/\\\/www.selarl-dentaire-ponthieu-chirurgiens-dentistes.fr\\\/en\\\/implantology\\\/dr-frederic-suissa\\\/\",\"name\":\"Dr Fr\u00e9d\u00e9ric Suissa - Paris dentist at the Dental Clinic in Paris\",\"isPartOf\":{\"@id\":\"https:\\\/\\\/www.selarl-dentaire-ponthieu-chirurgiens-dentistes.fr\\\/en\\\/#website\"},\"primaryImageOfPage\":{\"@id\":\"https:\\\/\\\/www.selarl-dentaire-ponthieu-chirurgiens-dentistes.fr\\\/en\\\/implantology\\\/dr-frederic-suissa\\\/#primaryimage\"},\"image\":{\"@id\":\"https:\\\/\\\/www.selarl-dentaire-ponthieu-chirurgiens-dentistes.fr\\\/en\\\/implantology\\\/dr-frederic-suissa\\\/#primaryimage\"},\"thumbnailUrl\":\"https:\\\/\\\/www.selarl-dentaire-ponthieu-chirurgiens-dentistes.fr\\\/wp-content\\\/uploads\\\/dr-suissa-chirurgie.jpg\",\"datePublished\":\"2021-07-08T14:34:21+00:00\",\"dateModified\":\"2025-03-12T12:54:31+00:00\",\"description\":\"Dr Fr\u00e9d\u00e9ric Suissa Dental surgeon specialising in oral implantology in full surgical practice..Clinique dentaire Elys\u00e9es Ponthieu, Dentist Paris 8\",\"breadcrumb\":{\"@id\":\"https:\\\/\\\/www.selarl-dentaire-ponthieu-chirurgiens-dentistes.fr\\\/en\\\/implantology\\\/dr-frederic-suissa\\\/#breadcrumb\"},\"inLanguage\":\"en-US\",\"potentialAction\":[{\"@type\":\"ReadAction\",\"target\":[\"https:\\\/\\\/www.selarl-dentaire-ponthieu-chirurgiens-dentistes.fr\\\/en\\\/implantology\\\/dr-frederic-suissa\\\/\"]}]},{\"@type\":\"ImageObject\",\"inLanguage\":\"en-US\",\"@id\":\"https:\\\/\\\/www.selarl-dentaire-ponthieu-chirurgiens-dentistes.fr\\\/en\\\/implantology\\\/dr-frederic-suissa\\\/#primaryimage\",\"url\":\"https:\\\/\\\/www.selarl-dentaire-ponthieu-chirurgiens-dentistes.fr\\\/wp-content\\\/uploads\\\/dr-suissa-chirurgie.jpg\",\"contentUrl\":\"https:\\\/\\\/www.selarl-dentaire-ponthieu-chirurgiens-dentistes.fr\\\/wp-content\\\/uploads\\\/dr-suissa-chirurgie.jpg\"},{\"@type\":\"BreadcrumbList\",\"@id\":\"https:\\\/\\\/www.selarl-dentaire-ponthieu-chirurgiens-dentistes.fr\\\/en\\\/implantology\\\/dr-frederic-suissa\\\/#breadcrumb\",\"itemListElement\":[{\"@type\":\"ListItem\",\"position\":1,\"name\":\"Accueil\",\"item\":\"https:\\\/\\\/www.selarl-dentaire-ponthieu-chirurgiens-dentistes.fr\\\/en\\\/\"},{\"@type\":\"ListItem\",\"position\":2,\"name\":\"Dr Fr\u00e9d\u00e9ric Suissa\"}]},{\"@type\":\"WebSite\",\"@id\":\"https:\\\/\\\/www.selarl-dentaire-ponthieu-chirurgiens-dentistes.fr\\\/en\\\/#website\",\"url\":\"https:\\\/\\\/www.selarl-dentaire-ponthieu-chirurgiens-dentistes.fr\\\/en\\\/\",\"name\":\"Clinique Dentaire Elys\u00e9es Ponthieu\",\"description\":\"\",\"publisher\":{\"@id\":\"https:\\\/\\\/www.selarl-dentaire-ponthieu-chirurgiens-dentistes.fr\\\/en\\\/#organization\"},\"potentialAction\":[{\"@type\":\"SearchAction\",\"target\":{\"@type\":\"EntryPoint\",\"urlTemplate\":\"https:\\\/\\\/www.selarl-dentaire-ponthieu-chirurgiens-dentistes.fr\\\/en\\\/?s={search_term_string}\"},\"query-input\":{\"@type\":\"PropertyValueSpecification\",\"valueRequired\":true,\"valueName\":\"search_term_string\"}}],\"inLanguage\":\"en-US\"},{\"@type\":\"Organization\",\"@id\":\"https:\\\/\\\/www.selarl-dentaire-ponthieu-chirurgiens-dentistes.fr\\\/en\\\/#organization\",\"name\":\"Clinique Dentaire Elys\u00e9es Ponthieu\",\"url\":\"https:\\\/\\\/www.selarl-dentaire-ponthieu-chirurgiens-dentistes.fr\\\/en\\\/\",\"logo\":{\"@type\":\"ImageObject\",\"inLanguage\":\"en-US\",\"@id\":\"https:\\\/\\\/www.selarl-dentaire-ponthieu-chirurgiens-dentistes.fr\\\/en\\\/#\\\/schema\\\/logo\\\/image\\\/\",\"url\":\"https:\\\/\\\/www.selarl-dentaire-ponthieu-chirurgiens-dentistes.fr\\\/wp-content\\\/uploads\\\/cropped-logo-clinique-dentaire-ponthieu.png\",\"contentUrl\":\"https:\\\/\\\/www.selarl-dentaire-ponthieu-chirurgiens-dentistes.fr\\\/wp-content\\\/uploads\\\/cropped-logo-clinique-dentaire-ponthieu.png\",\"width\":500,\"height\":109,\"caption\":\"Clinique Dentaire Elys\u00e9es Ponthieu\"},\"image\":{\"@id\":\"https:\\\/\\\/www.selarl-dentaire-ponthieu-chirurgiens-dentistes.fr\\\/en\\\/#\\\/schema\\\/logo\\\/image\\\/\"}}]}<\/script>\n<!-- \/ Yoast SEO plugin. -->","yoast_head_json":{"title":"Dr Fr\u00e9d\u00e9ric Suissa - Paris dentist at the Dental Clinic in Paris","description":"Dr Fr\u00e9d\u00e9ric Suissa Dental surgeon specialising in oral implantology in full surgical practice..Clinique dentaire Elys\u00e9es Ponthieu, Dentist Paris 8","robots":{"index":"index","follow":"follow","max-snippet":"max-snippet:-1","max-image-preview":"max-image-preview:large","max-video-preview":"max-video-preview:-1"},"canonical":"https:\/\/www.selarl-dentaire-ponthieu-chirurgiens-dentistes.fr\/en\/implantology\/dr-frederic-suissa\/","og_locale":"en_US","og_type":"article","og_title":"Dr Fr\u00e9d\u00e9ric Suissa - Paris dentist at the Dental Clinic in Paris","og_description":"Dr Fr\u00e9d\u00e9ric Suissa Dental surgeon specialising in oral implantology in full surgical practice..Clinique dentaire Elys\u00e9es Ponthieu, Dentist Paris 8","og_url":"https:\/\/www.selarl-dentaire-ponthieu-chirurgiens-dentistes.fr\/en\/implantology\/dr-frederic-suissa\/","og_site_name":"Clinique Dentaire Elys\u00e9es Ponthieu","article_modified_time":"2025-03-12T12:54:31+00:00","og_image":[{"url":"https:\/\/www.selarl-dentaire-ponthieu-chirurgiens-dentistes.fr\/wp-content\/uploads\/dr-suissa-chirurgie.jpg","type":"","width":"","height":""}],"twitter_card":"summary_large_image","twitter_misc":{"Est. reading time":"1 minute"},"schema":{"@context":"https:\/\/schema.org","@graph":[{"@type":"WebPage","@id":"https:\/\/www.selarl-dentaire-ponthieu-chirurgiens-dentistes.fr\/en\/implantology\/dr-frederic-suissa\/","url":"https:\/\/www.selarl-dentaire-ponthieu-chirurgiens-dentistes.fr\/en\/implantology\/dr-frederic-suissa\/","name":"Dr Fr\u00e9d\u00e9ric Suissa - Paris dentist at the Dental Clinic in Paris","isPartOf":{"@id":"https:\/\/www.selarl-dentaire-ponthieu-chirurgiens-dentistes.fr\/en\/#website"},"primaryImageOfPage":{"@id":"https:\/\/www.selarl-dentaire-ponthieu-chirurgiens-dentistes.fr\/en\/implantology\/dr-frederic-suissa\/#primaryimage"},"image":{"@id":"https:\/\/www.selarl-dentaire-ponthieu-chirurgiens-dentistes.fr\/en\/implantology\/dr-frederic-suissa\/#primaryimage"},"thumbnailUrl":"https:\/\/www.selarl-dentaire-ponthieu-chirurgiens-dentistes.fr\/wp-content\/uploads\/dr-suissa-chirurgie.jpg","datePublished":"2021-07-08T14:34:21+00:00","dateModified":"2025-03-12T12:54:31+00:00","description":"Dr Fr\u00e9d\u00e9ric Suissa Dental surgeon specialising in oral implantology in full surgical practice..Clinique dentaire Elys\u00e9es Ponthieu, Dentist Paris 8","breadcrumb":{"@id":"https:\/\/www.selarl-dentaire-ponthieu-chirurgiens-dentistes.fr\/en\/implantology\/dr-frederic-suissa\/#breadcrumb"},"inLanguage":"en-US","potentialAction":[{"@type":"ReadAction","target":["https:\/\/www.selarl-dentaire-ponthieu-chirurgiens-dentistes.fr\/en\/implantology\/dr-frederic-suissa\/"]}]},{"@type":"ImageObject","inLanguage":"en-US","@id":"https:\/\/www.selarl-dentaire-ponthieu-chirurgiens-dentistes.fr\/en\/implantology\/dr-frederic-suissa\/#primaryimage","url":"https:\/\/www.selarl-dentaire-ponthieu-chirurgiens-dentistes.fr\/wp-content\/uploads\/dr-suissa-chirurgie.jpg","contentUrl":"https:\/\/www.selarl-dentaire-ponthieu-chirurgiens-dentistes.fr\/wp-content\/uploads\/dr-suissa-chirurgie.jpg"},{"@type":"BreadcrumbList","@id":"https:\/\/www.selarl-dentaire-ponthieu-chirurgiens-dentistes.fr\/en\/implantology\/dr-frederic-suissa\/#breadcrumb","itemListElement":[{"@type":"ListItem","position":1,"name":"Accueil","item":"https:\/\/www.selarl-dentaire-ponthieu-chirurgiens-dentistes.fr\/en\/"},{"@type":"ListItem","position":2,"name":"Dr Fr\u00e9d\u00e9ric Suissa"}]},{"@type":"WebSite","@id":"https:\/\/www.selarl-dentaire-ponthieu-chirurgiens-dentistes.fr\/en\/#website","url":"https:\/\/www.selarl-dentaire-ponthieu-chirurgiens-dentistes.fr\/en\/","name":"Clinique Dentaire Elys\u00e9es Ponthieu","description":"","publisher":{"@id":"https:\/\/www.selarl-dentaire-ponthieu-chirurgiens-dentistes.fr\/en\/#organization"},"potentialAction":[{"@type":"SearchAction","target":{"@type":"EntryPoint","urlTemplate":"https:\/\/www.selarl-dentaire-ponthieu-chirurgiens-dentistes.fr\/en\/?s={search_term_string}"},"query-input":{"@type":"PropertyValueSpecification","valueRequired":true,"valueName":"search_term_string"}}],"inLanguage":"en-US"},{"@type":"Organization","@id":"https:\/\/www.selarl-dentaire-ponthieu-chirurgiens-dentistes.fr\/en\/#organization","name":"Clinique Dentaire Elys\u00e9es Ponthieu","url":"https:\/\/www.selarl-dentaire-ponthieu-chirurgiens-dentistes.fr\/en\/","logo":{"@type":"ImageObject","inLanguage":"en-US","@id":"https:\/\/www.selarl-dentaire-ponthieu-chirurgiens-dentistes.fr\/en\/#\/schema\/logo\/image\/","url":"https:\/\/www.selarl-dentaire-ponthieu-chirurgiens-dentistes.fr\/wp-content\/uploads\/cropped-logo-clinique-dentaire-ponthieu.png","contentUrl":"https:\/\/www.selarl-dentaire-ponthieu-chirurgiens-dentistes.fr\/wp-content\/uploads\/cropped-logo-clinique-dentaire-ponthieu.png","width":500,"height":109,"caption":"Clinique Dentaire Elys\u00e9es Ponthieu"},"image":{"@id":"https:\/\/www.selarl-dentaire-ponthieu-chirurgiens-dentistes.fr\/en\/#\/schema\/logo\/image\/"}}]}},"_links":{"self":[{"href":"https:\/\/www.selarl-dentaire-ponthieu-chirurgiens-dentistes.fr\/en\/wp-json\/wp\/v2\/pages\/1572","targetHints":{"allow":["GET"]}}],"collection":[{"href":"https:\/\/www.selarl-dentaire-ponthieu-chirurgiens-dentistes.fr\/en\/wp-json\/wp\/v2\/pages"}],"about":[{"href":"https:\/\/www.selarl-dentaire-ponthieu-chirurgiens-dentistes.fr\/en\/wp-json\/wp\/v2\/types\/page"}],"author":[{"embeddable":true,"href":"https:\/\/www.selarl-dentaire-ponthieu-chirurgiens-dentistes.fr\/en\/wp-json\/wp\/v2\/users\/2"}],"replies":[{"embeddable":true,"href":"https:\/\/www.selarl-dentaire-ponthieu-chirurgiens-dentistes.fr\/en\/wp-json\/wp\/v2\/comments?post=1572"}],"version-history":[{"count":1,"href":"https:\/\/www.selarl-dentaire-ponthieu-chirurgiens-dentistes.fr\/en\/wp-json\/wp\/v2\/pages\/1572\/revisions"}],"predecessor-version":[{"id":1665,"href":"https:\/\/www.selarl-dentaire-ponthieu-chirurgiens-dentistes.fr\/en\/wp-json\/wp\/v2\/pages\/1572\/revisions\/1665"}],"up":[{"embeddable":true,"href":"https:\/\/www.selarl-dentaire-ponthieu-chirurgiens-dentistes.fr\/en\/wp-json\/wp\/v2\/pages\/1683"}],"wp:attachment":[{"href":"https:\/\/www.selarl-dentaire-ponthieu-chirurgiens-dentistes.fr\/en\/wp-json\/wp\/v2\/media?parent=1572"}],"curies":[{"name":"wp","href":"https:\/\/api.w.org\/{rel}","templated":true}]}}